{"id":34308,"date":"2025-01-07T11:07:54","date_gmt":"2025-01-07T11:07:54","guid":{"rendered":"https:\/\/wpconfigurator.com\/softver-na-produktovu-konfiguraciu\/"},"modified":"2026-04-22T11:11:24","modified_gmt":"2026-04-22T11:11:24","slug":"softver-na-produktovu-konfiguraciu","status":"publish","type":"page","link":"https:\/\/wpconfigurator.com\/sk\/riesenia\/softver-na-produktovu-konfiguraciu\/","title":{"rendered":"Softv\u00e9r na produktov\u00fa konfigur\u00e1ciu"},"content":{"rendered":"","protected":false},"excerpt":{"rendered":"","protected":false},"author":1116,"featured_media":0,"parent":36495,"menu_order":0,"comment_status":"closed","ping_status":"closed","template":"templates\/wpc-solution-product-configurator-software.php","meta":{"_monsterinsights_skip_tracking":false,"_monsterinsights_sitenote_active":false,"_monsterinsights_sitenote_note":"","_monsterinsights_sitenote_category":0,"footnotes":""},"class_list":["post-34308","page","type-page","status-publish","hentry"],"aioseo_notices":[],"_links":{"self":[{"href":"https:\/\/wpconfigurator.com\/sk\/wp-json\/wp\/v2\/pages\/34308","targetHints":{"allow":["GET"]}}],"collection":[{"href":"https:\/\/wpconfigurator.com\/sk\/wp-json\/wp\/v2\/pages"}],"about":[{"href":"https:\/\/wpconfigurator.com\/sk\/wp-json\/wp\/v2\/types\/page"}],"author":[{"embeddable":true,"href":"https:\/\/wpconfigurator.com\/sk\/wp-json\/wp\/v2\/users\/1116"}],"replies":[{"embeddable":true,"href":"https:\/\/wpconfigurator.com\/sk\/wp-json\/wp\/v2\/comments?post=34308"}],"version-history":[{"count":1,"href":"https:\/\/wpconfigurator.com\/sk\/wp-json\/wp\/v2\/pages\/34308\/revisions"}],"predecessor-version":[{"id":34333,"href":"https:\/\/wpconfigurator.com\/sk\/wp-json\/wp\/v2\/pages\/34308\/revisions\/34333"}],"up":[{"embeddable":true,"href":"https:\/\/wpconfigurator.com\/sk\/wp-json\/wp\/v2\/pages\/36495"}],"wp:attachment":[{"href":"https:\/\/wpconfigurator.com\/sk\/wp-json\/wp\/v2\/media?parent=34308"}],"curies":[{"name":"wp","href":"https:\/\/api.w.org\/{rel}","templated":true}]}}